{"id":94,"date":"2015-04-26T16:46:35","date_gmt":"2015-04-26T14:46:35","guid":{"rendered":"http:\/\/esfz.nat.uni-erlangen.de\/esfzweb\/?page_id=94"},"modified":"2019-05-26T23:11:30","modified_gmt":"2019-05-26T21:11:30","slug":"das-esfz","status":"publish","type":"page","link":"https:\/\/www.esfz.nat.uni-erlangen.de\/esfzweb\/das-esfz\/","title":{"rendered":"Das ESFZ"},"content":{"rendered":"<h3><span style=\"color: #333399;\">ESFZ &#8211; Was ist das? eine Kurzbeschreibung<\/span><\/h3>\n<p>&nbsp;<\/p>\n<p><iframe loading=\"lazy\" title=\"MINT Imagefilme Mittelfranken - Teaser\" width=\"700\" height=\"394\" src=\"https:\/\/www.youtube.com\/embed\/9g0NXhQ5Nqs?start=32&#038;feature=oembed\" frameborder=\"0\" allow=\"accelerometer; autoplay; clipboard-write; encrypted-media; gyroscope; picture-in-picture\" allowfullscreen><\/iframe><\/p>\n<p>Das <strong>Erlanger Sch\u00fclerforschungszentrum f\u00fcr Bayern (ESFZ)<\/strong> bietet eine besondere F\u00f6rderung f\u00fcr Sch\u00fclerinnen und Sch\u00fcler, die sich f\u00fcr Naturwissenschaft und Technik interessieren. Anders als viele andere F\u00f6rderinitiativen setzt das ESFZ voll und ganz auf die Initiative und Kreativit\u00e4t der Teilnehmer: die Sch\u00fclerinnen und Sch\u00fcler kommen f\u00fcr eine Woche zu einem sogenannten Forschungscamp nach Erlangen und f\u00fchren w\u00e4hrend dieser Zeit Projekte durch, die sie sich selbst ausgedacht haben.<\/p>\n<p>Die <a href=\"https:\/\/www.fau.de\/\" target=\"_blank\" rel=\"noopener\">Universit\u00e4t Erlangen<\/a> stellt f\u00fcr das ESFZ die R\u00e4ume und Ausstattung des ,,Projektpraktikums&#8220; zur Verf\u00fcgung, einer in Deutschland einmaligen Form des Grundpraktikums f\u00fcr Studierende der Physik. Zus\u00e4tzlich zu der damit gegebenen hervorragenden Ausstattung an Ger\u00e4ten und Methoden stehen ehemalige Studierende des Projektpraktikums als Betreuerinnen und Betreuer bereit, die die Aktivit\u00e4ten der Sch\u00fclerinnen und Sch\u00fcler motivieren und kompetent unterst\u00fctzen. Dar\u00fcber hinaus leisten &#8211; wenn von den Sch\u00fclerinnen oder Sch\u00fclern gew\u00fcnscht &#8211; Professoren und Wissenschaftler der Universit\u00e4t die fachliche Begleitung. Die Teilnahme von M\u00e4dchen ist explizit erw\u00fcnscht und wird mit Mitteln aus den &#8222;Zielvereinbarungen zur <a href=\"https:\/\/www.frauenbeauftragte.nat.fau.de\/\" target=\"_blank\" rel=\"noopener\">Erh\u00f6hung des Frauenanteils in der Wissenschaft<\/a> der FAU&#8220; gef\u00f6rdert.<\/p>\n<p><span style=\"color: #333399;\"><strong>Wer lieber gleich live reinh\u00f6rt:<\/strong> <\/span>Radiobeitrag zum ESFZ<\/p>\n<audio class=\"wp-audio-shortcode\" id=\"audio-94-1\" preload=\"none\" style=\"width: 100%;\" controls=\"controls\"><source type=\"audio\/mpeg\" src=\"\/esfzweb\/esfz\/uploads\/2016\/03\/Beitrag_mit_An-_Abmod.mp3?_=1\" \/><a href=\"\/esfzweb\/esfz\/uploads\/2016\/03\/Beitrag_mit_An-_Abmod.mp3\">\/esfzweb\/esfz\/uploads\/2016\/03\/Beitrag_mit_An-_Abmod.mp3<\/a><\/audio>\n<p>Uns gibt es auch bei Facebook. Schaut doch mal vorbei!<\/p>\n<p><a href=\"https:\/\/de-de.facebook.com\/ErlangerSFZ\/\" target=\"_blank\" rel=\"noopener\">https:\/\/de-de.facebook.com\/ErlangerSFZ\/<\/a><\/p>\n<p>Die Ideen f\u00fcr das Forschen kommen von den Sch\u00fclerinnen und Sch\u00fclern selbst. W\u00e4hrend manche ihre Projektvorschl\u00e4ge schon mitbringen, tun sich einige vor Ort mit anderen Sch\u00fclerinnen und Sch\u00fclern zusammen und beraten erst einmal, was sie erfroschen wollen. Es gibt sowohl ,,Einzelk\u00e4mpfer&#8220; als auch Gruppen von bis zu vier Sch\u00fclerinnen und Sch\u00fclern, die gemeinsam arbeiten. Die Projekte sind zum Teil nach Ablauf der Woche abgeschlosssen, viele Projekte dauern aber l\u00e4nger und werden entweder zu Hause fortgesetzt oder die Teilnehmer kommen zum n\u00e4chsten Camp oder zwischendurch wieder. Viele Sch\u00fclerinnen und Sch\u00fcler wollen mit ihrer Arbeit an Wettbewerben wie ,,<a href=\"http:\/\/www.jugend-forscht.de\/\" target=\"_blank\" rel=\"noopener\">Jugend forscht<\/a>&#8220; teilnehmen.<\/p>\n<p>Ein Forschungscamp besteht im Wesentlichen aus Arbeit von morgens bis abends, die aber offensichtlich allen Beteiligten gro\u00dfen Spa\u00df macht. Den Teilnehmerinnen und Teilnehmern gef\u00e4llt es, zusammen mit Gleichgesinnten zu t\u00fcfteln und die Studierenden sind dabei hilfreiche und freundliche Begleiter, die im Laufe der Woche zu guten Kumpels werden.<\/p>\n<p>Das ESFZ kann bis zu 28 Sch\u00fclerinnen und Sch\u00fcler zu einem Forschungscamp aufnehmen. Die Teilnehmer kommen aus ganz Bayern und manchmal auch aus anderen Teilen Deutschlands und der Welt. Das ESFZ-Leitungsteam entscheidet, welche Bewerberinnen und Bewerber mitmachen d\u00fcrfen. Das Mindestalter betr\u00e4gt 14 Jahre (bis Ende 2011 noch 16 Jahre). Die Kosten f\u00fcr die Teilnahme und f\u00fcr Unterbringung (Jugendherberge) und Verpflegung tr\u00e4gt das Zentrum.<\/p>\n<h3><span style=\"color: #333399;\">Was zeichnet das ESFZ aus?<\/span><\/h3>\n<h6><\/h6>\n<p>,,Warum kommt es uns drau\u00dfen viel k\u00e4lter vor, wenn ein kr\u00e4ftiger Wind weht?&#8220; &#8211; ,,Kann man eine Fata Morgana im Modell nachstellen?&#8220; Empfinden Sie vielleicht auch den Reiz, auf soche oder \u00e4hnlichen Fragen mit eigenen Experimentideen eine Antwort zu suchen, selbst einen Versuchsaufbau zu entwerfen, zu realisieren, Messungen durchzuf\u00fchren und auszuwerten?<\/p>\n<p>Im Rahmen einer Breitenf\u00f6rderung existiert bereits eine Vielzahl an M\u00f6glichkeiten f\u00fcr Sch\u00fclerinnen und Sch\u00fcler, auf naturwissenschaftlichem Gebiet zu forschen und zu t\u00fcfteln.<\/p>\n<p>Das Erlanger Sch\u00fclerforschungszentrum f\u00fcr Bayern an der Universit\u00e4t Erlangen-N\u00fcrnberg intendiert eine Elite-F\u00f6rderung: Es richtet sich an interessierte Sch\u00fclerinnen und Sch\u00fcler, die eigenst\u00e4ndig selbst gew\u00e4hlte Forschungsprojekte in Physik, Mathematik oder Technik durchf\u00fchren wollen.<\/p>\n<p>Die Teilnahme an naturwissenschaftlichen Wettbewerben wie z.B. ,,Jugend forscht&#8220; wird gef\u00f6rdert.<\/p>\n<h3><span style=\"color: #333399;\">Welche Infrastruktur erwartet junge Forscherinnen und Forscher?<\/span><\/h3>\n<h6><\/h6>\n<p>Im so genannten Projektpraktikum der Universit\u00e4t Erlangen (<a href=\"http:\/\/pp.physik.nat.fau.de\/\">http:\/\/pp.physik.nat.fau.de\/<\/a>), einer in Deutschland einmaligen Form des Grundpraktikums f\u00fcr Studierende der Physik, steht eine moderne Ausstattung an Ger\u00e4ten und Methoden f\u00fcr kleinere Forschungsprojekte von Studierenden zur Verf\u00fcgung (z.B. physikalische Untersuchung des ,,Windchill-Ph\u00e4nomens&#8220; oder die Modellierung einer Fata Morgana). Diese Ausstattung wird durch das ESFZ interessierten Sch\u00fclerinnen und Sch\u00fclern zug\u00e4nglich gemacht. Zur Betreuung stehen ehemalige Studierende des Projektpraktikums bereit, die motiviert und kompetent die Projekte der Sch\u00fclerinnen und Sch\u00fcler unterst\u00fctzen. Dar\u00fcber hinaus leisten &#8211; wenn von den Sch\u00fclerinnen und Sch\u00fclern gew\u00fcnscht &#8211; Professoren und Lehrer die fachliche Begleitung.<\/p>\n<h3><span style=\"color: #333399;\">Welche Veranstaltungen bietet das ESFZ an?<\/span><\/h3>\n<h6><\/h6>\n<p>Das ESFZ veranstaltet mehrfach im Jahr <strong>Forschungscamps<\/strong>, die jeweils eine Woche dauern und in den Schulferien stattfinden. In diesen Forschungscamps k\u00f6nnen jeweils neue Teilnehmer in das Sch\u00fclerforschungszentrum aufgenommen werden. Das erste Forschungscamp fand in den Faschingsferien vom 23.-27. Februar 2009 statt. F\u00fcr weitere Camps werden die Teilnehmer aus den sich wieder bewerbenden bisherigen Teilnehmern und neuen Bewerbern ausgew\u00e4hlt. Zur Fortf\u00fchrung von Experimenten werden zus\u00e4tzlich Wochenendtermine angeboten, an welchen Sch\u00fclerinnen und Sch\u00fcler, die bereits an einem Forschungscamp teilgenommen haben, an Ihren Projekten im ESFZ weiterarbeiten k\u00f6nnen.<\/p>\n<p>Eingeladen sind Sch\u00fclerinnen und Sch\u00fcler, die Lust und Spa\u00df an Naturwissenschaften haben &#8211; die sich an mathematischen, physikalischen oder technischen Problemen die Z\u00e4hne ausbei\u00dfen und dazu Experimente entwickeln wollen. Die Sch\u00fclerinnen und Sch\u00fcler k\u00f6nnen von ihren Schulen f\u00fcr das Forschungscamp vorgeschlagen werden oder sich selbst bewerben. Hierf\u00fcr wird jeweils f\u00fcr einen entsprechenden Zeitraum im Vorfeld der Veranstaltungen ein Anmeldeformular auf dieser Webseite angeboten.<\/p>\n<p>Die Kosten f\u00fcr Unterbringung und Verpflegung tr\u00e4gt das Zentrum. Die \u00dcbernahme von Fahrtkosten kann f\u00fcr Teilnehmer, die mit Projekten bei ,,Jugend forscht&#8220; teilnehmen, auf Antrag vom Sponsorpool Bayern (<a href=\"http:\/\/www.sponsorpool-bayern.de\" target=\"_blank\" rel=\"noopener\">www.sponsorpool-bayern.de<\/a>) erfolgen.<\/p>\n<p>Seit Anfang 2012 bietet das ESFZ zus\u00e4tzlich Cosmic-Forschungswochen an. N\u00e4here Informationen finden Sie auf unserer Cosmic unter <a href=\"\/esfzweb\/cosmic-forschungswoche\/\">ESFZ &#8211; Kosmische Strahlung<\/a>.<\/p>\n<p>Bei Fragen zum ESFZ wenden Sie sich bitte \u00fcber das <a href=\"\/esfzweb\/kontakt\/\">Feedbackformular<\/a> an uns!<\/p>\n","protected":false},"excerpt":{"rendered":"<p>ESFZ &#8211; Was ist das? eine Kurzbeschreibung &nbsp; Das Erlanger Sch\u00fclerforschungszentrum f\u00fcr Bayern (ESFZ) bietet eine besondere F\u00f6rderung f\u00fcr Sch\u00fclerinnen und Sch\u00fcler, die sich f\u00fcr Naturwissenschaft und Technik interessieren. Anders als viele andere F\u00f6rderinitiativen setzt das ESFZ voll und ganz&hellip; <\/p>\n","protected":false},"author":3,"featured_media":0,"parent":0,"menu_order":0,"comment_status":"closed","ping_status":"closed","template":"","meta":{"footnotes":""},"class_list":["post-94","page","type-page","status-publish","hentry"],"_links":{"self":[{"href":"https:\/\/www.esfz.nat.uni-erlangen.de\/esfzweb\/wp-json\/wp\/v2\/pages\/94","targetHints":{"allow":["GET"]}}],"collection":[{"href":"https:\/\/www.esfz.nat.uni-erlangen.de\/esfzweb\/wp-json\/wp\/v2\/pages"}],"about":[{"href":"https:\/\/www.esfz.nat.uni-erlangen.de\/esfzweb\/wp-json\/wp\/v2\/types\/page"}],"author":[{"embeddable":true,"href":"https:\/\/www.esfz.nat.uni-erlangen.de\/esfzweb\/wp-json\/wp\/v2\/users\/3"}],"replies":[{"embeddable":true,"href":"https:\/\/www.esfz.nat.uni-erlangen.de\/esfzweb\/wp-json\/wp\/v2\/comments?post=94"}],"version-history":[{"count":19,"href":"https:\/\/www.esfz.nat.uni-erlangen.de\/esfzweb\/wp-json\/wp\/v2\/pages\/94\/revisions"}],"predecessor-version":[{"id":1358,"href":"https:\/\/www.esfz.nat.uni-erlangen.de\/esfzweb\/wp-json\/wp\/v2\/pages\/94\/revisions\/1358"}],"wp:attachment":[{"href":"https:\/\/www.esfz.nat.uni-erlangen.de\/esfzweb\/wp-json\/wp\/v2\/media?parent=94"}],"curies":[{"name":"wp","href":"https:\/\/api.w.org\/{rel}","templated":true}]}}