{"id":8,"date":"2015-03-27T21:23:34","date_gmt":"2015-03-27T20:23:34","guid":{"rendered":"http:\/\/esfz.nat.uni-erlangen.de\/esfzweb\/?page_id=8"},"modified":"2018-05-29T23:39:55","modified_gmt":"2018-05-29T21:39:55","slug":"kontakt","status":"publish","type":"page","link":"https:\/\/www.esfz.nat.uni-erlangen.de\/esfzweb\/kontakt\/","title":{"rendered":"Kontakt"},"content":{"rendered":"<form action=\"\/cgi-bin\/feedback.cgi\" method=\"post\"><input name=\"_send_email1\" type=\"hidden\" value=\"email.txt\" \/><input name=\"_out_file\" type=\"hidden\" value=\"logfile.txt\" \/><input name=\"_error_path\" type=\"hidden\" value=\"error.txt\" \/><input name=\"_browser_out\" type=\"hidden\" value=\"output.txt\" \/><\/p>\n<p align=\"justify\">Hier k\u00f6nnen Sie Anregungen &amp; W\u00fcnsche an uns \u00fcbermitteln.<br \/>\nDas Formular wird direkt an die Organisatoren des Erlanger Sch\u00fclerForschungsZentrums f\u00fcr Bayern (ESFZ) geschickt.<\/p>\n<div style=\"display: table; border: 0px; border-spacing: 0px; padding: 10px; border-collapse: collapse; table-layout: fixed; background-color: #dbe5f5; width: 90%;\">\n<div style=\"display: table-row; width: 90%; height: auto; clear: both;\"><\/div>\n<div style=\"display: table-row; width: 90%; height: auto; clear: both;\"><\/div>\n<div style=\"display: table-row; width: 90%; height: auto; clear: both;\">\n<div style=\"float: left; text-align: right; width: 130px; display: table-cell;\"><b>Kommentar:<\/b><\/div>\n<div style=\"float: left; text-align: left; display: table-cell;\"><textarea cols=\"55\" name=\"r_feedback\" rows=\"10\"><\/textarea><\/div>\n<\/div>\n<div style=\"display: table-row; width: 90%; height: auto; clear: both;\">\n<div style=\"float: left; text-align: right; width: 130px; display: table-cell;\"><b>Name:<\/b><\/div>\n<div style=\"float: left; text-align: left; display: table-cell;\"><input name=\"r_name\" size=\"60\" type=\"text\" \/><\/div>\n<\/div>\n<div style=\"display: table-row; width: 90%; height: auto; clear: both;\">\n<div style=\"float: left; text-align: right; width: 130px; display: table-cell;\"><b>Vorname:<\/b><\/div>\n<div style=\"float: left; text-align: left; display: table-cell;\"><input name=\"prename\" size=\"60\" type=\"text\" \/><\/div>\n<\/div>\n<div style=\"display: table-row; width: 90%; height: auto; clear: both;\">\n<div style=\"float: left; text-align: right; width: 130px; display: table-cell;\"><b>eigene Email:<\/b><\/div>\n<div style=\"float: left; text-align: left; display: table-cell;\"><input name=\"re_email\" size=\"60\" type=\"text\" \/><\/div>\n<\/div>\n<div style=\"display: table-row; width: 90%; height: auto; clear: both;\">\n<div style=\"float: left; text-align: right; width: 130px; display: table-cell;\"><b>Wiederholung eigene Email:<\/b><\/div>\n<div style=\"float: left; text-align: left; display: table-cell;\"><input name=\"re_emlwdh\" size=\"60\" type=\"text\" \/><\/div>\n<\/div>\n<div style=\"display: table-row; width: 90%; height: auto; clear: both;\">\nHinsichtlich der mit diesem Formular \u00fcbertragenen Daten, deren Zweck, Notwendigkeit und dessen rechtlichen Grundlagen gelten die allgemeinen Hinweise in der <a href=\"https:\/\/www.esfz.nat.uni-erlangen.de\/esfzweb\/datenschutz\/\" target=\"_blank\">Datenschutzerkl\u00e4rung<\/a>.\n<\/div>\n<div style=\"display: table-row; width: 90%; height: auto; clear: both;\"><input type=\"submit\" value=\"Abschicken\" \/>\u00a0 <input type=\"reset\" value=\"L\u00f6schen\" \/><\/div>\n<\/div>\n<p>&nbsp;<\/p>\n<\/form>\n","protected":false},"excerpt":{"rendered":"<p>Hier k\u00f6nnen Sie Anregungen &amp; W\u00fcnsche an uns \u00fcbermitteln. Das Formular wird direkt an die Organisatoren des Erlanger Sch\u00fclerForschungsZentrums f\u00fcr Bayern (ESFZ) geschickt. Kommentar: Name: Vorname: eigene Email: Wiederholung eigene Email: Hinsichtlich der mit diesem Formular \u00fcbertragenen Daten, deren Zweck,&hellip; <\/p>\n","protected":false},"author":3,"featured_media":0,"parent":0,"menu_order":0,"comment_status":"closed","ping_status":"closed","template":"","meta":{"footnotes":""},"class_list":["post-8","page","type-page","status-publish","hentry"],"_links":{"self":[{"href":"https:\/\/www.esfz.nat.uni-erlangen.de\/esfzweb\/wp-json\/wp\/v2\/pages\/8","targetHints":{"allow":["GET"]}}],"collection":[{"href":"https:\/\/www.esfz.nat.uni-erlangen.de\/esfzweb\/wp-json\/wp\/v2\/pages"}],"about":[{"href":"https:\/\/www.esfz.nat.uni-erlangen.de\/esfzweb\/wp-json\/wp\/v2\/types\/page"}],"author":[{"embeddable":true,"href":"https:\/\/www.esfz.nat.uni-erlangen.de\/esfzweb\/wp-json\/wp\/v2\/users\/3"}],"replies":[{"embeddable":true,"href":"https:\/\/www.esfz.nat.uni-erlangen.de\/esfzweb\/wp-json\/wp\/v2\/comments?post=8"}],"version-history":[{"count":9,"href":"https:\/\/www.esfz.nat.uni-erlangen.de\/esfzweb\/wp-json\/wp\/v2\/pages\/8\/revisions"}],"predecessor-version":[{"id":1081,"href":"https:\/\/www.esfz.nat.uni-erlangen.de\/esfzweb\/wp-json\/wp\/v2\/pages\/8\/revisions\/1081"}],"wp:attachment":[{"href":"https:\/\/www.esfz.nat.uni-erlangen.de\/esfzweb\/wp-json\/wp\/v2\/media?parent=8"}],"curies":[{"name":"wp","href":"https:\/\/api.w.org\/{rel}","templated":true}]}}