{"id":26,"date":"2015-04-03T18:56:41","date_gmt":"2015-04-03T16:56:41","guid":{"rendered":"http:\/\/esfz.nat.uni-erlangen.de\/esfzweb\/?page_id=26"},"modified":"2025-01-13T22:04:33","modified_gmt":"2025-01-13T21:04:33","slug":"cosmic-forschungswoche","status":"publish","type":"page","link":"https:\/\/www.esfz.nat.uni-erlangen.de\/esfzweb\/cosmic-forschungswoche\/","title":{"rendered":"Cosmic &#8211; Forschungswoche"},"content":{"rendered":"<p>Von 2012-2024 wurden im ESFZ Cosmic-Forschungswochen angeboten. Leider k\u00f6nnen wir ab sofort bis auf Weiteres keine Cosmic-Forschungswoche mehr anbieten.<\/p>\n<p>Im Rahmen des Erlanger Sch\u00fclerforschungszentrum f\u00fcr Bayern (ESFZ) bietet das Netzwerk Teilchenwelt zusammen mit der Helmholtz-Allianz f\u00fcr Astroteilchenphysik Jugendlichen ab 16 Jahren die M\u00f6glichkeit, sich in einer Forschungswoche mit der kosmischen Strahlung vertraut zu machen und eigenst\u00e4ndig dazu Experimente aufzubauen.<\/p>\n<p>Cosmic-Forschungswochen werden im <a href=\"http:\/\/www.ecap.physik.uni-erlangen.de\" target=\"_blank\">Erlangen Centre for Astroparticle Physics<\/a> der Universit\u00e4t Erlangen, die ein Mitglied des <a href=\"http:\/\/www.teilchenwelt.de\" target=\"_blank\">Netzwerks Teilchenwelt<\/a> und der Helmholtz-Allianz ist, durchgef\u00fchrt und Jugendliche aus ganz Deutschland k\u00f6nnen daran teilnehmen. Die Teilnehmer werden von Studenten und erfahrenen Wissenschaftlern betreut, wobei eine weitgehende Selbst\u00e4ndigkeit und ein Freiraum f\u00fcr ihre Arbeit angestrebt wird.<\/p>\n<p>Das gemeinsame Forschen, erg\u00e4nzt durch Vortr\u00e4ge und Besichtigungen, bietet einen interessanten Tagesablauf, sodass die Woche wie im Flug vergeht. Die Teilnahme ist kostenlos und auch Unterbringung und Verpflegung werden von den Veranstaltern getragen.<\/p>\n<p>Eine Freistellung vom Schulunterricht wird unterst\u00fctzt.<\/p>\n<p>Das ESFZ hat im Jahr 2016 auch am International Cosmic Day teilgenommen. Messungen aller teilnehmenden Institute und auch des ESFZ finden sich f\u00fcr Interessierte in folgendem Booklet:<\/p>\n<p><a href=\"https:\/\/www-zeuthen.desy.de\/~carolin\/ICD\/ICDBooklet2016.pdf\">https:\/\/www-zeuthen.desy.de\/~carolin\/ICD\/ICDBooklet2016.pdf<\/a><\/p>\n<p>Bei Fragen zum ESFZ wenden Sie sich bitte \u00fcber das <a href=\"\/esfzweb\/kontakt\/\">Kontaktformular<\/a> an uns!<\/p>\n<p><a href=\"\/esfzweb\/esfz\/uploads\/2015\/05\/cosmic201204.jpg\" rel=\"lightbox[26]\"><img loading=\"lazy\" decoding=\"async\" class=\"alignnone size-full wp-image-246\" src=\"\/esfzweb\/esfz\/uploads\/2015\/05\/cosmic201204.jpg\" alt=\"cosmic201204\" width=\"640\" height=\"480\" srcset=\"\/esfzweb\/esfz\/uploads\/2015\/05\/cosmic201204.jpg 640w, \/esfzweb\/esfz\/uploads\/2015\/05\/cosmic201204-300x225.jpg 300w\" sizes=\"auto, (max-width: 640px) 100vw, 640px\" \/><\/a><\/p>\n","protected":false},"excerpt":{"rendered":"<p>Von 2012-2024 wurden im ESFZ Cosmic-Forschungswochen angeboten. Leider k\u00f6nnen wir ab sofort bis auf Weiteres keine Cosmic-Forschungswoche mehr anbieten. Im Rahmen des Erlanger Sch\u00fclerforschungszentrum f\u00fcr Bayern (ESFZ) bietet das Netzwerk Teilchenwelt zusammen mit der Helmholtz-Allianz f\u00fcr Astroteilchenphysik Jugendlichen ab 16&hellip; <\/p>\n","protected":false},"author":3,"featured_media":0,"parent":0,"menu_order":0,"comment_status":"closed","ping_status":"open","template":"","meta":{"footnotes":""},"class_list":["post-26","page","type-page","status-publish","hentry"],"_links":{"self":[{"href":"https:\/\/www.esfz.nat.uni-erlangen.de\/esfzweb\/wp-json\/wp\/v2\/pages\/26","targetHints":{"allow":["GET"]}}],"collection":[{"href":"https:\/\/www.esfz.nat.uni-erlangen.de\/esfzweb\/wp-json\/wp\/v2\/pages"}],"about":[{"href":"https:\/\/www.esfz.nat.uni-erlangen.de\/esfzweb\/wp-json\/wp\/v2\/types\/page"}],"author":[{"embeddable":true,"href":"https:\/\/www.esfz.nat.uni-erlangen.de\/esfzweb\/wp-json\/wp\/v2\/users\/3"}],"replies":[{"embeddable":true,"href":"https:\/\/www.esfz.nat.uni-erlangen.de\/esfzweb\/wp-json\/wp\/v2\/comments?post=26"}],"version-history":[{"count":8,"href":"https:\/\/www.esfz.nat.uni-erlangen.de\/esfzweb\/wp-json\/wp\/v2\/pages\/26\/revisions"}],"predecessor-version":[{"id":2771,"href":"https:\/\/www.esfz.nat.uni-erlangen.de\/esfzweb\/wp-json\/wp\/v2\/pages\/26\/revisions\/2771"}],"wp:attachment":[{"href":"https:\/\/www.esfz.nat.uni-erlangen.de\/esfzweb\/wp-json\/wp\/v2\/media?parent=26"}],"curies":[{"name":"wp","href":"https:\/\/api.w.org\/{rel}","templated":true}]}}