{"id":2301,"date":"2024-06-20T18:16:49","date_gmt":"2024-06-20T16:16:49","guid":{"rendered":"https:\/\/www.esfz.nat.uni-erlangen.de\/esfzweb\/?page_id=2301"},"modified":"2024-06-21T11:30:29","modified_gmt":"2024-06-21T09:30:29","slug":"kooperationen","status":"publish","type":"page","link":"https:\/\/www.esfz.nat.uni-erlangen.de\/esfzweb\/kooperationen\/","title":{"rendered":"Kooperationen"},"content":{"rendered":"<h3><span style=\"color: #333399;\">Kooperation mit dem <a href=\"https:\/\/willstaetter.de\/index.php\/was-wir-bieten\/schuelerforschungszentrum\" target=\"_blank\" rel=\"noopener\">Sch\u00fclerforschungszentrum am Richard-Willst\u00e4tter-Gymnasium in N\u00fcrnberg<\/a><\/span><\/h3>\n<p>Besonderer Schwerpunkt der Kooperation mit dem Willst\u00e4tter-Gymnasium N\u00fcrnberg ist die F\u00f6rderung der Sch\u00fclerinnen und Sch\u00fcler im MINT-Bereich. Unter dem Motto \u201eLust und Freude am Forschen und T\u00fcfteln\u201c werden das Interesse und die Bereitschaft zur intensiven Auseinandersetzung mit naturwissenschaftlichen und technischen Fragestellungen fr\u00fchzeitig geweckt und langfristig erhalten. W\u00e4hrend das ESFZ Jugendliche ab 14 Jahren in einw\u00f6chigen Forschungscamps unterst\u00fctzt, k\u00f6nnen im Sch\u00fclerforschungszentrum Sch\u00fclerinnen und Sch\u00fcler bereits ab Jahrgangsstufe 5 tageweise forschen.<\/p>\n<h3><span style=\"color: #333399;\">Kooperation mit dem <a href=\"https:\/\/stec.ukzn.ac.za\/\" target=\"_blank\" rel=\"noopener\">Science Center der UNIVERSITY OF KWAZULU-NATAL in Durban\/S\u00fcdafrika<\/a><\/span><\/h3>\n<p>Das Science Center der University of Kwazulu-Natal in Durban\/S\u00fcdafrika unterst\u00fctzt Jugendliche mit Interesse an Naturwissenschaft und Technik bereits seit vielen Jahren. Aus einem intensivem Austausch der Leitung des Erlanger Sch\u00fclerForschungszentrums und des Science Centers heraus entwickelte sich die Vision auch an der Kwazulu-Natal University Sch\u00fclerforschungscamps f\u00fcr Jugendliche anzubieten &#8211; insbesondere f\u00fcr Jugendliche, die in den <a href=\"https:\/\/exposcience.co.za\" target=\"_blank\" rel=\"noopener\">Wettbewerb Eskom Expo<\/a>, vergleichbar zum Wettbewerb Jugend forscht, involviert sind.<\/p>\n<p>Vom 18.6. &#8211; 21.6.2024 findet ein <a href=\"https:\/\/stec.ukzn.ac.za\/information-for-learners\/\" target=\"_blank\" rel=\"noopener\">erstes UKZN Research Camp<\/a> statt. Erfahrene Tutorinnen und Tutoren sowie die Leitung des ESFZ sind vor Ort in Durban; sie unterst\u00fctzen die Jugendlichen beim Forschen und T\u00fcfteln an ihren eigenen Projekten und leiten dar\u00fcber hinaus Studierende der Kwazulu-Natal University bez. der Betreuung von eigenen Projektideen aus Physik und Technik an.<\/p>\n","protected":false},"excerpt":{"rendered":"<p>Kooperation mit dem Sch\u00fclerforschungszentrum am Richard-Willst\u00e4tter-Gymnasium in N\u00fcrnberg Besonderer Schwerpunkt der Kooperation mit dem Willst\u00e4tter-Gymnasium N\u00fcrnberg ist die F\u00f6rderung der Sch\u00fclerinnen und Sch\u00fcler im MINT-Bereich. Unter dem Motto \u201eLust und Freude am Forschen und T\u00fcfteln\u201c werden das Interesse und die&hellip; <\/p>\n","protected":false},"author":1,"featured_media":0,"parent":0,"menu_order":0,"comment_status":"closed","ping_status":"closed","template":"","meta":{"footnotes":""},"class_list":["post-2301","page","type-page","status-publish","hentry"],"_links":{"self":[{"href":"https:\/\/www.esfz.nat.uni-erlangen.de\/esfzweb\/wp-json\/wp\/v2\/pages\/2301","targetHints":{"allow":["GET"]}}],"collection":[{"href":"https:\/\/www.esfz.nat.uni-erlangen.de\/esfzweb\/wp-json\/wp\/v2\/pages"}],"about":[{"href":"https:\/\/www.esfz.nat.uni-erlangen.de\/esfzweb\/wp-json\/wp\/v2\/types\/page"}],"author":[{"embeddable":true,"href":"https:\/\/www.esfz.nat.uni-erlangen.de\/esfzweb\/wp-json\/wp\/v2\/users\/1"}],"replies":[{"embeddable":true,"href":"https:\/\/www.esfz.nat.uni-erlangen.de\/esfzweb\/wp-json\/wp\/v2\/comments?post=2301"}],"version-history":[{"count":12,"href":"https:\/\/www.esfz.nat.uni-erlangen.de\/esfzweb\/wp-json\/wp\/v2\/pages\/2301\/revisions"}],"predecessor-version":[{"id":2316,"href":"https:\/\/www.esfz.nat.uni-erlangen.de\/esfzweb\/wp-json\/wp\/v2\/pages\/2301\/revisions\/2316"}],"wp:attachment":[{"href":"https:\/\/www.esfz.nat.uni-erlangen.de\/esfzweb\/wp-json\/wp\/v2\/media?parent=2301"}],"curies":[{"name":"wp","href":"https:\/\/api.w.org\/{rel}","templated":true}]}}